{"id":373,"date":"2024-08-05T10:02:58","date_gmt":"2024-08-05T08:02:58","guid":{"rendered":"https:\/\/davidanunezferrero.com\/privacy-policy\/"},"modified":"2024-08-05T11:31:06","modified_gmt":"2024-08-05T09:31:06","slug":"privacy-policy","status":"publish","type":"page","link":"https:\/\/davidanunezferrero.com\/en\/privacy-policy\/","title":{"rendered":"Privacy Policy"},"content":{"rendered":"<p>[et_pb_section fb_built=&#8221;1&#8243; custom_padding_last_edited=&#8221;on|tablet&#8221; admin_label=&#8221;Header Contacto&#8221; _builder_version=&#8221;4.27.0&#8243; _module_preset=&#8221;default&#8221; background_color=&#8221;#052e26&#8243; background_enable_image=&#8221;off&#8221; background_blend=&#8221;multiply&#8221; background_enable_video_mp4=&#8221;off&#8221; custom_margin=&#8221;0px||0px||false|false&#8221; custom_padding=&#8221;120px|75px|120px|75px|true|false&#8221; custom_padding_tablet=&#8221;300px|40px|70px|40px|false|false&#8221; custom_padding_phone=&#8221;180px|20px||20px|false|false&#8221; animation_style=&#8221;fade&#8221; animation_speed_curve=&#8221;ease&#8221; locked=&#8221;off&#8221; global_colors_info=&#8221;{}&#8221; theme_builder_area=&#8221;post_content&#8221;][et_pb_row _builder_version=&#8221;4.24.3&#8243; _module_preset=&#8221;default&#8221; width=&#8221;90%&#8221; max_width=&#8221;1290px&#8221; custom_margin=&#8221;0px||0px||false|false&#8221; custom_padding=&#8221;0px||0px||false|false&#8221; locked=&#8221;off&#8221; collapsed=&#8221;off&#8221; global_colors_info=&#8221;{}&#8221; theme_builder_area=&#8221;post_content&#8221;][et_pb_column type=&#8221;4_4&#8243; _builder_version=&#8221;4.24.3&#8243; _module_preset=&#8221;default&#8221; global_colors_info=&#8221;{}&#8221; theme_builder_area=&#8221;post_content&#8221;][et_pb_text _builder_version=&#8221;4.27.0&#8243; _module_preset=&#8221;default&#8221; text_font_size=&#8221;13px&#8221; header_4_font=&#8221;Manrope|800||on|||||&#8221; header_4_text_align=&#8221;left&#8221; header_4_text_color=&#8221;#FFFFFF&#8221; header_4_font_size=&#8221;10px&#8221; header_4_letter_spacing=&#8221;1px&#8221; header_4_line_height=&#8221;0.7em&#8221; background_color=&#8221;#00b30f&#8221; custom_margin=&#8221;0px||10px||false|false&#8221; custom_padding=&#8221;11px|20px|0px|20px|false|false&#8221; animation_style=&#8221;slide&#8221; animation_direction=&#8221;left&#8221; animation_delay=&#8221;500ms&#8221; animation_intensity_slide=&#8221;10%&#8221; animation_speed_curve=&#8221;ease&#8221; hover_enabled=&#8221;0&#8243; custom_css_main_element=&#8221;backdrop-filter: blur(4px) grayscale(92%) sepia(0%) invert(0%) brightness(100%);||display:inline-block;||animation-name: updown;||    animation-duration: 3s;||    animation-iteration-count: infinite;||    animation-timing-function: ease-in-out;||    margin-left: 0px;||    margin-top: 0px;||}||||@keyframes updown {||    from { transform: translate(0,  15px); }||    50%  { transform: translate(0, -15px); }||    to   { transform: translate(0, 15px); }    ||&#8221; border_radii=&#8221;on|50px|50px|50px|50px&#8221; global_colors_info=&#8221;{}&#8221; sticky_enabled=&#8221;0&#8243; theme_builder_area=&#8221;post_content&#8221;]<\/p>\n<h4>LEGALS<\/h4>\n<p>[\/et_pb_text][et_pb_text _builder_version=&#8221;4.27.0&#8243; _module_preset=&#8221;default&#8221; header_font=&#8221;Manrope|700|||||||&#8221; header_text_align=&#8221;left&#8221; header_text_color=&#8221;#FFFFFF&#8221; header_font_size=&#8221;52px&#8221; header_line_height=&#8221;1.1em&#8221; max_width=&#8221;1024px&#8221; custom_margin=&#8221;0px||0px||false|false&#8221; custom_padding=&#8221;0px||0px||false|false&#8221; animation_style=&#8221;slide&#8221; animation_direction=&#8221;left&#8221; animation_delay=&#8221;800ms&#8221; animation_intensity_slide=&#8221;2%&#8221; animation_speed_curve=&#8221;ease&#8221; hover_enabled=&#8221;0&#8243; header_font_size_tablet=&#8221;75px&#8221; header_font_size_phone=&#8221;45px&#8221; header_font_size_last_edited=&#8221;on|tablet&#8221; global_colors_info=&#8221;{}&#8221; theme_builder_area=&#8221;post_content&#8221; sticky_enabled=&#8221;0&#8243;]<\/p>\n<h1><span style=\"font-weight: 400;\">Privacy Policy<\/span><\/h1>\n<p>[\/et_pb_text][\/et_pb_column][\/et_pb_row][\/et_pb_section][et_pb_section fb_built=&#8221;1&#8243; _builder_version=&#8221;4.27.0&#8243; _module_preset=&#8221;default&#8221; global_colors_info=&#8221;{}&#8221; locked=&#8221;off&#8221; theme_builder_area=&#8221;post_content&#8221;][et_pb_row _builder_version=&#8221;4.27.0&#8243; _module_preset=&#8221;default&#8221; width=&#8221;90%&#8221; max_width=&#8221;1290px&#8221; global_colors_info=&#8221;{}&#8221; theme_builder_area=&#8221;post_content&#8221;][et_pb_column type=&#8221;4_4&#8243; _builder_version=&#8221;4.27.0&#8243; _module_preset=&#8221;default&#8221; global_colors_info=&#8221;{}&#8221; theme_builder_area=&#8221;post_content&#8221;][et_pb_text _builder_version=&#8221;4.27.0&#8243; _module_preset=&#8221;default&#8221; text_font=&#8221;Manrope||||||||&#8221; text_text_color=&#8221;#666666&#8243; text_font_size=&#8221;18px&#8221; text_line_height=&#8221;1.6em&#8221; custom_margin=&#8221;0px||40px||false|false&#8221; custom_padding=&#8221;0px||0px||false|false&#8221; hover_enabled=&#8221;0&#8243; locked=&#8221;off&#8221; global_colors_info=&#8221;{}&#8221; theme_builder_area=&#8221;post_content&#8221; sticky_enabled=&#8221;0&#8243;]<\/p>\n<p>1.1. In accordance with the provisions of the EU General Data Protection Regulation GDPR 679\/2016 and the Organic Law 3\/2018 of 5 December on the Protection of Personal Data and Guarantee of Digital Rights, you are provided with the following information on how your personal data is processed:<\/p>\n<p>Responsible: <br \/>NIF: <br \/>Address: C\/ JOSEP DE OLEZA 6 LOCAL12, 0710 PALMA, BALEARIC ISLANDS<br \/>E-mail: <a href=\"mailto:gestiones.dnf@gmail.com\">gestiones.dnf@gmail.com<\/a><br \/>Telephone: <a href=\"tel:+34602253257\">+34 602 25 32 57<\/a><\/p>\n<h3><strong>PURPOSE<\/strong><\/h3>\n<p>At DAVID ALBERTO NU\u00d1EZ we process the information you provide us with in order to offer the services and\/or sell the products you have contracted through our website and to manage the sending of information and commercial studies. We will develop a commercial profile based on the information provided in order to offer you our services according to your interests. No automated decisions will be made based on this profile. The personal data provided will be retained for the duration of the business relationship and as long as no request for deletion is received from the data subject, for a period of 5 years from the last time you contracted and\/or purchased something. In any case, your personal data will be retained for as long as they are useful for the stated purpose, and in any case for the legally established periods and for the time necessary to address any possible liability resulting from such processing.<\/p>\n<h3><strong>LEGAL BASIS<\/strong><\/h3>\n<p>The processing of personal data is based on the performance of a contract to which the data subject is a party or to take action at the request of the data subject prior to entering into the contract, and in any event you have given your consent for your personal information to be processed for one or more specific purposes, in accordance with the provisions of the GDPR EU 679\/2016 (ART. 6.1. A. B) and the Organic Law 3\/2018 of 5 December (Data Protection and Guarantee of Digital Rights: LOPDPGDD). Articles 20 and 21 of the Information Society Services and Electronic Commerce Act 34\/2002 shall apply to the use of telecommunications to send commercial offers. Although the prospective offer of products and services is based on the consent requested, the withdrawal of this consent shall not condition the contract for the purchase of any product and\/or service in any case. Personal data must be provided, otherwise the requested service cannot be provided and\/or the product and\/or offer requested cannot be sold and\/or the sending of commercial information cannot be managed.<\/p>\n<h3><strong>TARGET<\/strong><\/h3>\n<p>Personal data will not be shared with any third party not connected to the company, unless it is a legal requirement to do so. However, you are informed that third party providers may have access to your personal data, as processors, in the framework of the provision of a service for the company responsible for the data. In addition to the above, the company may share or communicate personal data in order to fulfil its obligations to public administrations where required by law. No transfer of data to third countries is expected. No decisions will be made on adequacy, warranties, binding corporate rules or specific situations that apply.<\/p>\n<h3><strong>RIGHTS<\/strong><\/h3>\n<p>Data subjects have the right to obtain access to their personal information, as well as to request that inaccurate data be corrected or, where appropriate, to request the deletion of such data where, among other reasons, the information is no longer necessary for the purposes for which it was collected. In certain circumstances, data subjects may request that we restrict the processing of their data, in which case we will only retain it for the purpose of pursuing or defending claims. In addition, and for purposes relating to their particular situation, data subjects may object to the processing of their data, in which case their personal information will no longer be processed for those purposes to which they have objected. Where technically feasible, the data subject may request the portability of his or her data to another data controller. To exercise these rights, in accordance with current legislation, data subjects may write to DAVID ALBERTO NU\u00d1EZ at C\/ JOSEP DE OLEZA 6 LOCAL 12, 07010 PALMA, BALEARES, enclosing a copy of a document proving their identity (national identity card), or send an e-mail to info@grupomare.eu. You have the right to lodge a complaint with the Supervisory Authority: the Spanish Data Protection Agency (<a href=\"http:\/\/www.agpd.es\">www.agpd.es<\/a>). Origin of the personal data: the data subject himself\/herself.<\/p>\n<p>1.2. El cliente acepta expresamente la inclusi\u00f3n de los datos personales recogidos durante la navegaci\u00f3n por el sitio web o proporcionados mediante el rellenado de cualquier formulario, as\u00ed como los obtenidos como resultado de cualquier posible relaci\u00f3n comercial en los ficheros automatizados de datos personales mencionados en el primer p\u00e1rrafo. Durante el proceso de recopilaci\u00f3n de datos, as\u00ed como en cada parte del sitio web donde se pueda solicitar informaci\u00f3n personal, se informar\u00e1 al cliente, ya sea a trav\u00e9s de un hiperenlace o mediante la inclusi\u00f3n de recordatorios apropiados en el propio formulario, de si es obligatorio recopilar dichos datos personales o no. Cualquier cliente que elija registrarse en el sitio web de nuestra empresa deber\u00e1 proporcionar los datos personales necesarios para los fines del servicio solicitado, es decir, la prestaci\u00f3n de los servicios y\/o la venta de productos ofrecidos en el sitio web.<\/p>\n<p>1.2. The customer expressly accepts the inclusion of personal data collected while browsing the website or provided by filling in any form, as well as those obtained as a result of any possible commercial relationship in the automated personal data files mentioned in the first paragraph. During the data collection process, as well as in each part of the website where personal information may be requested, the customer will be informed, either through a hyperlink or by including appropriate reminders in the form itself, whether or not the collection of such personal data is mandatory. Any customer who chooses to register on our company&#8217;s website will be required to provide personal data necessary for the purposes of the service requested, i.e. the provision of the services and\/or the sale of products offered on the website.<\/p>\n<p>1.3. Customers\/users may exercise the rights recognised in Articles 15 to 21 of Regulation (EU) 2016\/679, and particularly the rights of access, rectification, erasure, restriction of processing, data portability, objection and automated individual decisions, where applicable, in relation to the data collected as set out in the previous section. The rights mentioned in the previous paragraph may be exercised by each customer by means of a form for the exercise of such rights which may be requested by e-mail. Completed and signed requests must be sent by post to the following address: DAVID ALBERTO NU\u00d1EZ, with address at C\/ JOSEP DE OLEZA 6 LOCAL 12, 07010 PALMA, BALEARES, including a photocopy of the customer&#8217;s national identity document in both cases.<\/p>\n<p>1.4. DAVID ALBERTO NU\u00d1EZ. informs you that, if a CUSTOMER wishes to register on the Website, you will be asked to provide a number of personal data, which is mandatory to provide. Therefore, if these personal data are not provided, the User will not be able to register on the Website DAVID ALBERTO NU\u00d1EZ. All Users \/ Customers are obliged to ensure that all information provided is accurate and up to date. The registration forms, where personal data are collected, indicate the various fields that are required for the User to register.<\/p>\n<p>1.5. The main purpose of the automated processing to which all personal information collected as a result of the request, use, contracting of any product or service or any transaction or operation carried out through this website is subject to is the maintenance of the contractual relationship with the owner of this website.<\/p>\n<p>1.6. Autoriza el env\u00edo de publicidad sobre nuestros servicios y productos. Sus datos personales se utilizar\u00e1n para gestionar el env\u00edo de publicidad a trav\u00e9s de medios tradicionales o electr\u00f3nicos. Cualquier direcci\u00f3n de correo electr\u00f3nico e informaci\u00f3n personal que nos proporcione a trav\u00e9s del formulario de contacto en el sitio web se utilizar\u00e1 exclusivamente para responder a cualquier consulta que nos env\u00ede a trav\u00e9s del mismo. Se aplican las disposiciones del art\u00edculo 22.1 y 22.2 de la Ley 34\/2002, de 11 de julio, de servicios de la sociedad de la informaci\u00f3n y de comercio electr\u00f3nico, que se modifica seg\u00fan el art. 4 del Real Decreto-Ley 13\/2012, con respecto al uso y tratamiento de sus datos personales para gestionar el env\u00edo de publicidad.<\/p>\n<p>1.7. La empresa garantiza la confidencialidad de los datos personales. Sin embargo, la Empresa y\/o la Entidad proporcionar\u00e1n a las autoridades competentes cualquier dato personal y cualquier otra informaci\u00f3n que est\u00e9 en su posesi\u00f3n o que sea accesible a trav\u00e9s de sus sistemas y que sea requerida de acuerdo con las leyes y regulaciones aplicables al caso. . Los datos personales pueden ser almacenados en los archivos propiedad de DAVID ALBERTO NU\u00d1EZ., incluso despu\u00e9s de la terminaci\u00f3n de las relaciones formalizadas a trav\u00e9s del sitio web de la empresa, exclusivamente para las multas mencionadas anteriormente y durante los plazos legalmente establecidos para las autoridades. administrativos o judiciales en todos los casos.<\/p>\n<p>[\/et_pb_text][\/et_pb_column][\/et_pb_row][\/et_pb_section]<\/p>\n","protected":false},"excerpt":{"rendered":"<p>LEGALSPrivacy Policy1.1. In accordance with the provisions of the EU General Data Protection Regulation GDPR 679\/2016 and the Organic Law 3\/2018 of 5 December on the Protection of Personal Data and Guarantee of Digital Rights, you are provided with the following information on how your personal data is processed: Responsible: NIF: Address: C\/ JOSEP DE [&hellip;]<\/p>\n","protected":false},"author":1,"featured_media":0,"parent":0,"menu_order":0,"comment_status":"closed","ping_status":"closed","template":"","meta":{"_et_pb_use_builder":"on","_et_pb_old_content":"","_et_gb_content_width":"","footnotes":""},"class_list":["post-373","page","type-page","status-publish","hentry"],"yoast_head":"<!-- This site is optimized with the Yoast SEO plugin v27.4 - https:\/\/yoast.com\/product\/yoast-seo-wordpress\/ -->\n<title>Privacy Policy - David N\u00fanez Ferreo<\/title>\n<meta name=\"robots\" content=\"noindex, nofollow\" \/>\n<meta property=\"og:locale\" content=\"en_US\" \/>\n<meta property=\"og:type\" content=\"article\" \/>\n<meta property=\"og:title\" content=\"Privacy Policy - David N\u00fanez Ferreo\" \/>\n<meta property=\"og:description\" content=\"LEGALSPrivacy Policy1.1. In accordance with the provisions of the EU General Data Protection Regulation GDPR 679\/2016 and the Organic Law 3\/2018 of 5 December on the Protection of Personal Data and Guarantee of Digital Rights, you are provided with the following information on how your personal data is processed: Responsible: NIF: Address: C\/ JOSEP DE [&hellip;]\" \/>\n<meta property=\"og:url\" content=\"https:\/\/davidanunezferrero.com\/en\/privacy-policy\/\" \/>\n<meta property=\"og:site_name\" content=\"David N\u00fanez Ferreo\" \/>\n<meta property=\"article:modified_time\" content=\"2024-08-05T09:31:06+00:00\" \/>\n<meta name=\"twitter:card\" content=\"summary_large_image\" \/>\n<meta name=\"twitter:label1\" content=\"Est. reading time\" \/>\n\t<meta name=\"twitter:data1\" content=\"10 minutes\" \/>\n<script type=\"application\/ld+json\" class=\"yoast-schema-graph\">{\"@context\":\"https:\\\/\\\/schema.org\",\"@graph\":[{\"@type\":\"WebPage\",\"@id\":\"https:\\\/\\\/davidanunezferrero.com\\\/en\\\/privacy-policy\\\/\",\"url\":\"https:\\\/\\\/davidanunezferrero.com\\\/en\\\/privacy-policy\\\/\",\"name\":\"Privacy Policy - David N\u00fanez Ferreo\",\"isPartOf\":{\"@id\":\"https:\\\/\\\/davidanunezferrero.com\\\/en\\\/#website\"},\"datePublished\":\"2024-08-05T08:02:58+00:00\",\"dateModified\":\"2024-08-05T09:31:06+00:00\",\"breadcrumb\":{\"@id\":\"https:\\\/\\\/davidanunezferrero.com\\\/en\\\/privacy-policy\\\/#breadcrumb\"},\"inLanguage\":\"en-US\",\"potentialAction\":[{\"@type\":\"ReadAction\",\"target\":[\"https:\\\/\\\/davidanunezferrero.com\\\/en\\\/privacy-policy\\\/\"]}]},{\"@type\":\"BreadcrumbList\",\"@id\":\"https:\\\/\\\/davidanunezferrero.com\\\/en\\\/privacy-policy\\\/#breadcrumb\",\"itemListElement\":[{\"@type\":\"ListItem\",\"position\":1,\"name\":\"Portada\",\"item\":\"https:\\\/\\\/davidanunezferrero.com\\\/en\\\/\"},{\"@type\":\"ListItem\",\"position\":2,\"name\":\"Privacy Policy\"}]},{\"@type\":\"WebSite\",\"@id\":\"https:\\\/\\\/davidanunezferrero.com\\\/en\\\/#website\",\"url\":\"https:\\\/\\\/davidanunezferrero.com\\\/en\\\/\",\"name\":\"David N\u00fanez Ferreo\",\"description\":\"Servicios legales integrales para extranjeros en Espa\u00f1a\",\"potentialAction\":[{\"@type\":\"SearchAction\",\"target\":{\"@type\":\"EntryPoint\",\"urlTemplate\":\"https:\\\/\\\/davidanunezferrero.com\\\/en\\\/?s={search_term_string}\"},\"query-input\":{\"@type\":\"PropertyValueSpecification\",\"valueRequired\":true,\"valueName\":\"search_term_string\"}}],\"inLanguage\":\"en-US\"}]}<\/script>\n<!-- \/ Yoast SEO plugin. -->","yoast_head_json":{"title":"Privacy Policy - David N\u00fanez Ferreo","robots":{"index":"noindex","follow":"nofollow"},"og_locale":"en_US","og_type":"article","og_title":"Privacy Policy - David N\u00fanez Ferreo","og_description":"LEGALSPrivacy Policy1.1. In accordance with the provisions of the EU General Data Protection Regulation GDPR 679\/2016 and the Organic Law 3\/2018 of 5 December on the Protection of Personal Data and Guarantee of Digital Rights, you are provided with the following information on how your personal data is processed: Responsible: NIF: Address: C\/ JOSEP DE [&hellip;]","og_url":"https:\/\/davidanunezferrero.com\/en\/privacy-policy\/","og_site_name":"David N\u00fanez Ferreo","article_modified_time":"2024-08-05T09:31:06+00:00","twitter_card":"summary_large_image","twitter_misc":{"Est. reading time":"10 minutes"},"schema":{"@context":"https:\/\/schema.org","@graph":[{"@type":"WebPage","@id":"https:\/\/davidanunezferrero.com\/en\/privacy-policy\/","url":"https:\/\/davidanunezferrero.com\/en\/privacy-policy\/","name":"Privacy Policy - David N\u00fanez Ferreo","isPartOf":{"@id":"https:\/\/davidanunezferrero.com\/en\/#website"},"datePublished":"2024-08-05T08:02:58+00:00","dateModified":"2024-08-05T09:31:06+00:00","breadcrumb":{"@id":"https:\/\/davidanunezferrero.com\/en\/privacy-policy\/#breadcrumb"},"inLanguage":"en-US","potentialAction":[{"@type":"ReadAction","target":["https:\/\/davidanunezferrero.com\/en\/privacy-policy\/"]}]},{"@type":"BreadcrumbList","@id":"https:\/\/davidanunezferrero.com\/en\/privacy-policy\/#breadcrumb","itemListElement":[{"@type":"ListItem","position":1,"name":"Portada","item":"https:\/\/davidanunezferrero.com\/en\/"},{"@type":"ListItem","position":2,"name":"Privacy Policy"}]},{"@type":"WebSite","@id":"https:\/\/davidanunezferrero.com\/en\/#website","url":"https:\/\/davidanunezferrero.com\/en\/","name":"David N\u00fanez Ferreo","description":"Servicios legales integrales para extranjeros en Espa\u00f1a","potentialAction":[{"@type":"SearchAction","target":{"@type":"EntryPoint","urlTemplate":"https:\/\/davidanunezferrero.com\/en\/?s={search_term_string}"},"query-input":{"@type":"PropertyValueSpecification","valueRequired":true,"valueName":"search_term_string"}}],"inLanguage":"en-US"}]}},"_links":{"self":[{"href":"https:\/\/davidanunezferrero.com\/en\/wp-json\/wp\/v2\/pages\/373","targetHints":{"allow":["GET"]}}],"collection":[{"href":"https:\/\/davidanunezferrero.com\/en\/wp-json\/wp\/v2\/pages"}],"about":[{"href":"https:\/\/davidanunezferrero.com\/en\/wp-json\/wp\/v2\/types\/page"}],"author":[{"embeddable":true,"href":"https:\/\/davidanunezferrero.com\/en\/wp-json\/wp\/v2\/users\/1"}],"replies":[{"embeddable":true,"href":"https:\/\/davidanunezferrero.com\/en\/wp-json\/wp\/v2\/comments?post=373"}],"version-history":[{"count":2,"href":"https:\/\/davidanunezferrero.com\/en\/wp-json\/wp\/v2\/pages\/373\/revisions"}],"predecessor-version":[{"id":375,"href":"https:\/\/davidanunezferrero.com\/en\/wp-json\/wp\/v2\/pages\/373\/revisions\/375"}],"wp:attachment":[{"href":"https:\/\/davidanunezferrero.com\/en\/wp-json\/wp\/v2\/media?parent=373"}],"curies":[{"name":"wp","href":"https:\/\/api.w.org\/{rel}","templated":true}]}}